{"id":89,"date":"2016-09-28T21:42:44","date_gmt":"2016-09-28T19:42:44","guid":{"rendered":"http:\/\/www.kaktus-pflege.de\/?page_id=89"},"modified":"2024-10-28T23:56:06","modified_gmt":"2024-10-28T22:56:06","slug":"kaktus-journal-kuas","status":"publish","type":"page","link":"https:\/\/www.kaktus-pflege.de\/index.php\/kaktus-journal-kuas\/","title":{"rendered":"Kaktus-Journal &#8222;KuaS&#8220;"},"content":{"rendered":"<figure id=\"attachment_59\" aria-describedby=\"caption-attachment-59\" style=\"width: 213px\" class=\"wp-caption alignright\"><img decoding=\"async\" loading=\"lazy\" class=\"wp-image-59 size-medium\" src=\"http:\/\/www.kaktus-pflege.de\/wp-content\/uploads\/2016\/09\/KUAS_08_2016-213x300.jpg\" alt=\"kuas_08_2016\" width=\"213\" height=\"300\" srcset=\"https:\/\/www.kaktus-pflege.de\/wp-content\/uploads\/2016\/09\/KUAS_08_2016-213x300.jpg 213w, https:\/\/www.kaktus-pflege.de\/wp-content\/uploads\/2016\/09\/KUAS_08_2016.jpg 680w\" sizes=\"(max-width: 213px) 100vw, 213px\" \/><figcaption id=\"caption-attachment-59\" class=\"wp-caption-text\">Journal &#8222;KuaS&#8220;<\/figcaption><\/figure>\n<p>Jeden Monat erscheint das Journal &#8222;Kakteen und andere Sukkulenten&#8220; (KuaS). Das Journal erhalten Sie ganz einfach per Post \u00fcber eine Mitgliedschaft in der Deutschen Kakteengesellschaft e.V. (DKG) f\u00fcr 40 \u20ac Jahresbeitrag. Hier ein paar Leseproben:<\/p>\n<ul>\n<li><a href=\"http:\/\/www.kaktus-pflege.de\/wp-content\/uploads\/2016\/09\/simultanes_bluehen_bei_kakteen.pdf\">Simultanes Bl\u00fchen bei Kakteen<\/a><\/li>\n<li><a href=\"http:\/\/www.kaktus-pflege.de\/wp-content\/uploads\/2016\/09\/astrophytum_asterias_im_suedlichen_tamaulipas__mexiko_.pdf\">Astrophytum asterias im s\u00fcdlichen Tamaulipas Mexiko<\/a><\/li>\n<li><a href=\"http:\/\/www.kaktus-pflege.de\/wp-content\/uploads\/2016\/09\/die_oekologie_einer_faszinierenden_flora.pdf\">Die \u00d6kologie einer faszinierenden Flora<\/a><\/li>\n<li><a href=\"http:\/\/www.kaktus-pflege.de\/wp-content\/uploads\/2016\/09\/conophytum_bluehende_kegel_aus_afrika.pdf\">Conophytum bl\u00fchende Kegel aus Afrika<\/a><\/li>\n<li><a href=\"http:\/\/www.kaktus-pflege.de\/wp-content\/uploads\/2016\/09\/agave_dasylirioides_in_bluete.pdf\">Agave dasylirioides in Bl\u00fcte<\/a><\/li>\n<\/ul>\n<p>Hier k\u00f6nnen Sie direkt Mitglied werden: <a href=\"http:\/\/www.kaktus-pflege.de\/wp-content\/uploads\/2024\/10\/Beitritt-Inland24-kaktues-pflege.de_.pdf\">download PDF<\/a><\/p>\n<p>Vorteile einer Mitgliedschaft in der DKG:<\/p>\n<ul>\n<li>das reich illustrierte Journal bietet Berichte \u00fcber Reisen zu Kakteen und Sukkulentenstandorten, Tipps zur optimalen Pflege und Vermehrung der Pflanzen sowie Neubeschreibungen von Kakteen und anderen Sukkulenten<\/li>\n<li>es besteht die M\u00f6glichkeit sehr g\u00fcnstig Samen von Kakteen und anderen Sukkulenten zu erwerben\n<p><figure id=\"attachment_233\" aria-describedby=\"caption-attachment-233\" style=\"width: 213px\" class=\"wp-caption alignright\"><img decoding=\"async\" loading=\"lazy\" class=\"wp-image-233 size-medium\" src=\"http:\/\/www.kaktus-pflege.de\/wp-content\/uploads\/2016\/09\/3707_big-213x300.jpg\" width=\"213\" height=\"300\" srcset=\"https:\/\/www.kaktus-pflege.de\/wp-content\/uploads\/2016\/09\/3707_big-213x300.jpg 213w, https:\/\/www.kaktus-pflege.de\/wp-content\/uploads\/2016\/09\/3707_big.jpg 600w\" sizes=\"(max-width: 213px) 100vw, 213px\" \/><figcaption id=\"caption-attachment-233\" class=\"wp-caption-text\">Sonderpublikation<\/figcaption><\/figure><\/li>\n<li>im Journal werden \u00fcberz\u00e4hlige Pflanzen, Literatur usw. abgegeben oder gesucht<\/li>\n<li>Sie erhalten Informationen zu Kakteen-M\u00e4rkten und verpassen so keine Kakteen-Veranstaltung mehr in Ihrer N\u00e4he<\/li>\n<li>Sie k\u00f6nnen Kakteenb\u00fccher erwerben, die es im freien Handel nicht zu kaufen gibt. Diese Publikationen befassen sich mit speziellen Gattungen und Themen. 2016 sind z.B. die B\u00fccher erschienen &#8222;Kakteen in Eis und Schnee&#8220; und &#8222;Eriosyce&#8220;.Diese Sonderpublikationen k\u00f6nnen zum Sonderpreis von 14 \u20ac erworben werden. Hier der \u00dcberblick, welche Sonderpublikationen bereits erschienen sind: <a href=\"https:\/\/www.dkg.eu\/sonderpublikationen\/\">Link<\/a><\/li>\n<li>au\u00dferdem ist es sch\u00f6n einer Gemeinschaft anzugeh\u00f6ren, in der Gleichgesinnte das Hobby Kakteen\/Sukkulenten pflegen und die Erfahrungen weitergeben m\u00f6chten<\/li>\n<\/ul>\n","protected":false},"excerpt":{"rendered":"<p>Jeden Monat erscheint das Journal &#8222;Kakteen und andere Sukkulenten&#8220; (KuaS). Das Journal erhalten Sie ganz einfach per Post \u00fcber eine Mitgliedschaft in der Deutschen Kakteengesellschaft e.V. (DKG) f\u00fcr 40 \u20ac Jahresbeitrag. Hier ein paar Leseproben: Simultanes Bl\u00fchen bei Kakteen Astrophytum asterias im s\u00fcdlichen Tamaulipas Mexiko Die \u00d6kologie einer faszinierenden Flora Conophytum bl\u00fchende Kegel aus Afrika &hellip; <a href=\"https:\/\/www.kaktus-pflege.de\/index.php\/kaktus-journal-kuas\/\" class=\"more-link\"><span class=\"screen-reader-text\">Kaktus-Journal &#8222;KuaS&#8220;<\/span> weiterlesen<\/a><\/p>\n","protected":false},"author":3,"featured_media":0,"parent":0,"menu_order":6,"comment_status":"closed","ping_status":"closed","template":"","meta":[],"_links":{"self":[{"href":"https:\/\/www.kaktus-pflege.de\/index.php\/wp-json\/wp\/v2\/pages\/89"}],"collection":[{"href":"https:\/\/www.kaktus-pflege.de\/index.php\/wp-json\/wp\/v2\/pages"}],"about":[{"href":"https:\/\/www.kaktus-pflege.de\/index.php\/wp-json\/wp\/v2\/types\/page"}],"author":[{"embeddable":true,"href":"https:\/\/www.kaktus-pflege.de\/index.php\/wp-json\/wp\/v2\/users\/3"}],"replies":[{"embeddable":true,"href":"https:\/\/www.kaktus-pflege.de\/index.php\/wp-json\/wp\/v2\/comments?post=89"}],"version-history":[{"count":6,"href":"https:\/\/www.kaktus-pflege.de\/index.php\/wp-json\/wp\/v2\/pages\/89\/revisions"}],"predecessor-version":[{"id":342,"href":"https:\/\/www.kaktus-pflege.de\/index.php\/wp-json\/wp\/v2\/pages\/89\/revisions\/342"}],"wp:attachment":[{"href":"https:\/\/www.kaktus-pflege.de\/index.php\/wp-json\/wp\/v2\/media?parent=89"}],"curies":[{"name":"wp","href":"https:\/\/api.w.org\/{rel}","templated":true}]}}