{"id":58,"date":"2016-09-26T23:28:52","date_gmt":"2016-09-26T21:28:52","guid":{"rendered":"http:\/\/www.kaktus-pflege.de\/?page_id=58"},"modified":"2017-05-10T23:33:05","modified_gmt":"2017-05-10T21:33:05","slug":"kakteenfreunde-finden","status":"publish","type":"page","link":"https:\/\/www.kaktus-pflege.de\/index.php\/kakteenfreunde-finden\/","title":{"rendered":"Kakteenfreunde finden"},"content":{"rendered":"<h3><img decoding=\"async\" loading=\"lazy\" class=\"alignright wp-image-330\" src=\"http:\/\/www.kaktus-pflege.de\/wp-content\/uploads\/2016\/09\/DSCF3396-c2-151x300.jpg\" alt=\"\" width=\"200\" height=\"397\" srcset=\"https:\/\/www.kaktus-pflege.de\/wp-content\/uploads\/2016\/09\/DSCF3396-c2-151x300.jpg 151w, https:\/\/www.kaktus-pflege.de\/wp-content\/uploads\/2016\/09\/DSCF3396-c2.jpg 516w\" sizes=\"(max-width: 200px) 100vw, 200px\" \/>Arbeitsgruppen, Vereinigungen, Clubs<\/h3>\n<p><a href=\"http:\/\/www.dkg.eu\/\">Deutsche Kakteen-Gesellschaft (DKG)\u00a0<\/a><\/p>\n<p><a href=\"http:\/\/www.dkg.eu\/cs\/index.pl?navid=Arbeitsgruppen_1046&amp;sid=c\">Arbeitsgruppen innerhalb der DKG<\/a><\/p>\n<p><a href=\"http:\/\/www.dkg.eu\/cs\/index.pl?navid=Ortsgruppen_1004&amp;sid=c\">regionale Kaktus-Clubs\u00a0in 100 deutschen St\u00e4dten<\/a><\/p>\n<p><a href=\"http:\/\/www.cactusaustria.at\/\">Gesellschaft \u00d6sterreichischer Kakteenfreunde (G\u00d6K)<\/a><\/p>\n<p><a href=\"http:\/\/www.kakteen.org\/\">Schweizerische Kakteen-Gesellschaft (SKG)<\/a><\/p>\n<p>&nbsp;<\/p>\n<h3>online Foren<\/h3>\n<p><a href=\"http:\/\/kuas-forum.de\">Forum der Deutschen Kakteen-Gesellschaft<\/a><\/p>\n<p><a href=\"https:\/\/de-de.facebook.com\/DeutscheKakteenGesellschaft\/\">Facebookseite der Deutschen Kakteen-Gesellschaft<\/a><\/p>\n<p>&nbsp;<\/p>\n","protected":false},"excerpt":{"rendered":"<p>Arbeitsgruppen, Vereinigungen, Clubs Deutsche Kakteen-Gesellschaft (DKG)\u00a0 Arbeitsgruppen innerhalb der DKG regionale Kaktus-Clubs\u00a0in 100 deutschen St\u00e4dten Gesellschaft \u00d6sterreichischer Kakteenfreunde (G\u00d6K) Schweizerische Kakteen-Gesellschaft (SKG) &nbsp; online Foren Forum der Deutschen Kakteen-Gesellschaft Facebookseite der Deutschen Kakteen-Gesellschaft &nbsp;<\/p>\n","protected":false},"author":1,"featured_media":0,"parent":0,"menu_order":8,"comment_status":"closed","ping_status":"closed","template":"","meta":[],"_links":{"self":[{"href":"https:\/\/www.kaktus-pflege.de\/index.php\/wp-json\/wp\/v2\/pages\/58"}],"collection":[{"href":"https:\/\/www.kaktus-pflege.de\/index.php\/wp-json\/wp\/v2\/pages"}],"about":[{"href":"https:\/\/www.kaktus-pflege.de\/index.php\/wp-json\/wp\/v2\/types\/page"}],"author":[{"embeddable":true,"href":"https:\/\/www.kaktus-pflege.de\/index.php\/wp-json\/wp\/v2\/users\/1"}],"replies":[{"embeddable":true,"href":"https:\/\/www.kaktus-pflege.de\/index.php\/wp-json\/wp\/v2\/comments?post=58"}],"version-history":[{"count":5,"href":"https:\/\/www.kaktus-pflege.de\/index.php\/wp-json\/wp\/v2\/pages\/58\/revisions"}],"predecessor-version":[{"id":331,"href":"https:\/\/www.kaktus-pflege.de\/index.php\/wp-json\/wp\/v2\/pages\/58\/revisions\/331"}],"wp:attachment":[{"href":"https:\/\/www.kaktus-pflege.de\/index.php\/wp-json\/wp\/v2\/media?parent=58"}],"curies":[{"name":"wp","href":"https:\/\/api.w.org\/{rel}","templated":true}]}}