{"id":47,"date":"2016-09-26T22:39:09","date_gmt":"2016-09-26T20:39:09","guid":{"rendered":"http:\/\/www.kaktus-pflege.de\/?page_id=47"},"modified":"2016-11-01T20:55:06","modified_gmt":"2016-11-01T19:55:06","slug":"pflege-von-kakteen-im-detail","status":"publish","type":"page","link":"https:\/\/www.kaktus-pflege.de\/index.php\/pflege-von-kakteen-im-detail\/","title":{"rendered":"Pflege von Kakteen im Detail"},"content":{"rendered":"<p>&nbsp;<\/p>\n<h3 style=\"text-align: center;\"><strong>Wachstumsphase &#8211; April bis September<\/strong><\/h3>\n<p style=\"text-align: right;\"><img decoding=\"async\" loading=\"lazy\" class=\"size-medium wp-image-116 alignleft\" src=\"http:\/\/www.kaktus-pflege.de\/wp-content\/uploads\/2016\/10\/kaktusbrilleA3-212x300.png\" alt=\"kaktusbrillea3\" width=\"212\" height=\"300\" srcset=\"https:\/\/www.kaktus-pflege.de\/wp-content\/uploads\/2016\/10\/kaktusbrilleA3-212x300.png 212w, https:\/\/www.kaktus-pflege.de\/wp-content\/uploads\/2016\/10\/kaktusbrilleA3.png 724w\" sizes=\"(max-width: 212px) 100vw, 212px\" \/><\/p>\n<p style=\"text-align: center;\"><strong>Sonniger Standort <\/strong><\/p>\n<p style=\"text-align: center;\">(je mehr Sonne um so besser)<\/p>\n<p style=\"text-align: center;\">z.B. am Fenster, auf dem Balkon, auf der Terrasse, im Garten (Vorsicht bei Nachtfrost)<\/p>\n<p>&nbsp;<\/p>\n<p>&nbsp;<\/p>\n<p>&nbsp;<\/p>\n<p style=\"text-align: center;\"><strong>1 x pro Woche durchdringend gie\u00dfen.<\/strong><strong><img decoding=\"async\" loading=\"lazy\" class=\"size-medium wp-image-117 alignright\" src=\"http:\/\/www.kaktus-pflege.de\/wp-content\/uploads\/2016\/10\/kaktusgiesenA3-212x300.png\" alt=\"kaktusgiesena3\" width=\"212\" height=\"300\" srcset=\"https:\/\/www.kaktus-pflege.de\/wp-content\/uploads\/2016\/10\/kaktusgiesenA3-212x300.png 212w, https:\/\/www.kaktus-pflege.de\/wp-content\/uploads\/2016\/10\/kaktusgiesenA3.png 724w\" sizes=\"(max-width: 212px) 100vw, 212px\" \/><\/strong><\/p>\n<p style=\"text-align: center;\">Staun\u00e4sse vermeiden<\/p>\n<p style=\"text-align: center;\"><strong>Faustregel:<\/strong><\/p>\n<p style=\"text-align: center;\">Erst wieder gie\u00dfen, wenn die Erde vollst\u00e4ndig abgetrocknet ist.<\/p>\n<h3><\/h3>\n<p>&nbsp;<\/p>\n<p>&nbsp;<\/p>\n<h3 style=\"text-align: center;\"><strong>Ruhephase \u2013 Oktober bis M\u00e4rz<\/strong><\/h3>\n<p>&nbsp;<\/p>\n<p style=\"text-align: right;\"><img decoding=\"async\" loading=\"lazy\" class=\"size-medium wp-image-119 alignleft\" src=\"http:\/\/www.kaktus-pflege.de\/wp-content\/uploads\/2016\/10\/kaktusthermoA3-212x300.png\" alt=\"kaktusthermoa3\" width=\"212\" height=\"300\" srcset=\"https:\/\/www.kaktus-pflege.de\/wp-content\/uploads\/2016\/10\/kaktusthermoA3-212x300.png 212w, https:\/\/www.kaktus-pflege.de\/wp-content\/uploads\/2016\/10\/kaktusthermoA3.png 724w\" sizes=\"(max-width: 212px) 100vw, 212px\" \/><\/p>\n<p style=\"text-align: center;\"><strong>5-15 Grad Celsius<\/strong><\/p>\n<p style=\"text-align: center;\">z.B. Treppenhaus, ungeheiztes Schlafzimmer, Wintergarten<\/p>\n<p>&nbsp;<\/p>\n<p>&nbsp;<\/p>\n<p>&nbsp;<\/p>\n<p>&nbsp;<\/p>\n<p style=\"text-align: center;\"><strong>Nicht Gie\u00dfen.<\/strong><img decoding=\"async\" loading=\"lazy\" class=\"size-medium wp-image-118 alignright\" src=\"http:\/\/www.kaktus-pflege.de\/wp-content\/uploads\/2016\/10\/kaktusschlafenA3-212x300.png\" alt=\"kaktusschlafena3\" width=\"212\" height=\"300\" srcset=\"https:\/\/www.kaktus-pflege.de\/wp-content\/uploads\/2016\/10\/kaktusschlafenA3-212x300.png 212w, https:\/\/www.kaktus-pflege.de\/wp-content\/uploads\/2016\/10\/kaktusschlafenA3.png 724w\" sizes=\"(max-width: 212px) 100vw, 212px\" \/><\/p>\n<p style=\"text-align: center;\">Kakteen bl\u00fchen nur, wenn sie w\u00e4hrend der Ruhephase nicht gegossen werden.<\/p>\n<p>&nbsp;<\/p>\n<p>&nbsp;<\/p>\n<p>&nbsp;<\/p>\n<p><strong>D\u00fcnger<\/strong>: verwende einen Kakteend\u00fcnger in der angegebenen Dosierung ca. einmal pro Monat von April bis August.<\/p>\n<p><strong>Licht<\/strong>: nach einer vorsichtigen Gew\u00f6hnung an das Sonnenlicht im Fr\u00fchling freuen sich Kakteen \u00fcber pralle Sonne.<\/p>\n<h3><strong>Keine Regel ohne Ausnahme:<\/strong><\/h3>\n<p>F\u00fcr viele Kakteen treffen die Pflegetipps zu. Jedoch ist die Artenvielfalt der Kakteen gro\u00df, da sie aus verschiedenen Regionen Amerikas stammen. Je nach Herkunft variieren die Pflegebedingungen.<\/p>\n<p>&nbsp;<\/p>\n<p>&nbsp;<\/p>\n<p>&nbsp;<\/p>\n<p>&nbsp;<\/p>\n","protected":false},"excerpt":{"rendered":"<p>&nbsp; Wachstumsphase &#8211; April bis September Sonniger Standort (je mehr Sonne um so besser) z.B. am Fenster, auf dem Balkon, auf der Terrasse, im Garten (Vorsicht bei Nachtfrost) &nbsp; &nbsp; &nbsp; 1 x pro Woche durchdringend gie\u00dfen. Staun\u00e4sse vermeiden Faustregel: Erst wieder gie\u00dfen, wenn die Erde vollst\u00e4ndig abgetrocknet ist. &nbsp; &nbsp; Ruhephase \u2013 Oktober bis &hellip; <a href=\"https:\/\/www.kaktus-pflege.de\/index.php\/pflege-von-kakteen-im-detail\/\" class=\"more-link\"><span class=\"screen-reader-text\">Pflege von Kakteen im Detail<\/span> weiterlesen<\/a><\/p>\n","protected":false},"author":1,"featured_media":0,"parent":0,"menu_order":2,"comment_status":"closed","ping_status":"closed","template":"","meta":[],"_links":{"self":[{"href":"https:\/\/www.kaktus-pflege.de\/index.php\/wp-json\/wp\/v2\/pages\/47"}],"collection":[{"href":"https:\/\/www.kaktus-pflege.de\/index.php\/wp-json\/wp\/v2\/pages"}],"about":[{"href":"https:\/\/www.kaktus-pflege.de\/index.php\/wp-json\/wp\/v2\/types\/page"}],"author":[{"embeddable":true,"href":"https:\/\/www.kaktus-pflege.de\/index.php\/wp-json\/wp\/v2\/users\/1"}],"replies":[{"embeddable":true,"href":"https:\/\/www.kaktus-pflege.de\/index.php\/wp-json\/wp\/v2\/comments?post=47"}],"version-history":[{"count":5,"href":"https:\/\/www.kaktus-pflege.de\/index.php\/wp-json\/wp\/v2\/pages\/47\/revisions"}],"predecessor-version":[{"id":188,"href":"https:\/\/www.kaktus-pflege.de\/index.php\/wp-json\/wp\/v2\/pages\/47\/revisions\/188"}],"wp:attachment":[{"href":"https:\/\/www.kaktus-pflege.de\/index.php\/wp-json\/wp\/v2\/media?parent=47"}],"curies":[{"name":"wp","href":"https:\/\/api.w.org\/{rel}","templated":true}]}}