{"id":2,"date":"2016-07-15T00:27:11","date_gmt":"2016-07-14T22:27:11","guid":{"rendered":"http:\/\/www.kaktus-pflege.de\/?page_id=2"},"modified":"2017-05-10T23:49:19","modified_gmt":"2017-05-10T21:49:19","slug":"kaktus-pflege-fuer-einsteiger","status":"publish","type":"page","link":"https:\/\/www.kaktus-pflege.de\/","title":{"rendered":"Kaktus-Pflege f\u00fcr Einsteiger"},"content":{"rendered":"<h4 style=\"text-align: center;\"><em>Wasser, D\u00fcnger, W\u00e4rme, Licht,<\/em><br \/>\n<em> mehr braucht&#8217;s im Sommer nicht.<br \/>\nIm Winter k\u00fchl und Trockenheit<\/em><br \/>\n<em> bringt gro\u00dfe Bl\u00fctenfreud&#8216;.<\/em><\/h4>\n<p style=\"text-align: right;\">der Kaktus-Cowboy<\/p>\n<figure id=\"attachment_271\" aria-describedby=\"caption-attachment-271\" style=\"width: 660px\" class=\"wp-caption aligncenter\"><img decoding=\"async\" loading=\"lazy\" class=\"wp-image-271 size-large\" src=\"http:\/\/www.kaktus-pflege.de\/wp-content\/uploads\/2016\/07\/IMG_1888-768x1024.jpg\" width=\"660\" height=\"880\" srcset=\"https:\/\/www.kaktus-pflege.de\/wp-content\/uploads\/2016\/07\/IMG_1888.jpg 768w, https:\/\/www.kaktus-pflege.de\/wp-content\/uploads\/2016\/07\/IMG_1888-225x300.jpg 225w\" sizes=\"(max-width: 660px) 100vw, 660px\" \/><figcaption id=\"caption-attachment-271\" class=\"wp-caption-text\">Trichocereus Hybriden: wer seinen Kaktus richtig pflegt, wird mit \u00fcppigen Bl\u00fcten belohnt.<\/figcaption><\/figure>\n<figure id=\"attachment_275\" aria-describedby=\"caption-attachment-275\" style=\"width: 660px\" class=\"wp-caption aligncenter\"><img decoding=\"async\" loading=\"lazy\" class=\"wp-image-275 size-large\" src=\"http:\/\/www.kaktus-pflege.de\/wp-content\/uploads\/2016\/07\/IMG_0053-1024x928.jpg\" width=\"660\" height=\"598\" srcset=\"https:\/\/www.kaktus-pflege.de\/wp-content\/uploads\/2016\/07\/IMG_0053.jpg 1024w, https:\/\/www.kaktus-pflege.de\/wp-content\/uploads\/2016\/07\/IMG_0053-300x272.jpg 300w, https:\/\/www.kaktus-pflege.de\/wp-content\/uploads\/2016\/07\/IMG_0053-768x696.jpg 768w\" sizes=\"(max-width: 660px) 100vw, 660px\" \/><figcaption id=\"caption-attachment-275\" class=\"wp-caption-text\">Anf\u00e4ngerstolz: das erste kleine Gew\u00e4chshaus. &#8222;H\u00e4tte ich damals mehr \u00fcber die Kaktus-Pflege gewusst, w\u00fcrden diese Pflanzen heute vielleicht noch leben&#8230; \ud83d\ude41 &#8222;<\/figcaption><\/figure>\n<figure id=\"attachment_75\" aria-describedby=\"caption-attachment-75\" style=\"width: 660px\" class=\"wp-caption aligncenter\"><img decoding=\"async\" loading=\"lazy\" class=\"wp-image-75 size-large\" src=\"http:\/\/www.kaktus-pflege.de\/wp-content\/uploads\/2016\/07\/IMG_3870-1024x620.jpg\" alt=\"img_3870\" width=\"660\" height=\"400\" srcset=\"https:\/\/www.kaktus-pflege.de\/wp-content\/uploads\/2016\/07\/IMG_3870.jpg 1024w, https:\/\/www.kaktus-pflege.de\/wp-content\/uploads\/2016\/07\/IMG_3870-300x182.jpg 300w, https:\/\/www.kaktus-pflege.de\/wp-content\/uploads\/2016\/07\/IMG_3870-768x465.jpg 768w\" sizes=\"(max-width: 660px) 100vw, 660px\" \/><figcaption id=\"caption-attachment-75\" class=\"wp-caption-text\">Mammillaria: ein relativ pflegeleichter Kaktus mit sch\u00f6nem Bl\u00fctenkranz<\/figcaption><\/figure>\n<figure id=\"attachment_277\" aria-describedby=\"caption-attachment-277\" style=\"width: 660px\" class=\"wp-caption aligncenter\"><img decoding=\"async\" loading=\"lazy\" class=\"size-large wp-image-277\" src=\"http:\/\/www.kaktus-pflege.de\/wp-content\/uploads\/2016\/07\/IMG_5235-1024x683.jpg\" alt=\"\" width=\"660\" height=\"440\" srcset=\"https:\/\/www.kaktus-pflege.de\/wp-content\/uploads\/2016\/07\/IMG_5235.jpg 1024w, https:\/\/www.kaktus-pflege.de\/wp-content\/uploads\/2016\/07\/IMG_5235-300x200.jpg 300w, https:\/\/www.kaktus-pflege.de\/wp-content\/uploads\/2016\/07\/IMG_5235-768x512.jpg 768w\" sizes=\"(max-width: 660px) 100vw, 660px\" \/><figcaption id=\"caption-attachment-277\" class=\"wp-caption-text\">Bl\u00fctenpracht: Echinopsis-Hybriden sind in der Pflege relativ unkompliziert und daher gerade f\u00fcr Anf\u00e4nger sehr zu empfehlen.<\/figcaption><\/figure>\n","protected":false},"excerpt":{"rendered":"<p>Wasser, D\u00fcnger, W\u00e4rme, Licht, mehr braucht&#8217;s im Sommer nicht. Im Winter k\u00fchl und Trockenheit bringt gro\u00dfe Bl\u00fctenfreud&#8216;. der Kaktus-Cowboy<\/p>\n","protected":false},"author":1,"featured_media":113,"parent":0,"menu_order":1,"comment_status":"closed","ping_status":"closed","template":"","meta":[],"_links":{"self":[{"href":"https:\/\/www.kaktus-pflege.de\/index.php\/wp-json\/wp\/v2\/pages\/2"}],"collection":[{"href":"https:\/\/www.kaktus-pflege.de\/index.php\/wp-json\/wp\/v2\/pages"}],"about":[{"href":"https:\/\/www.kaktus-pflege.de\/index.php\/wp-json\/wp\/v2\/types\/page"}],"author":[{"embeddable":true,"href":"https:\/\/www.kaktus-pflege.de\/index.php\/wp-json\/wp\/v2\/users\/1"}],"replies":[{"embeddable":true,"href":"https:\/\/www.kaktus-pflege.de\/index.php\/wp-json\/wp\/v2\/comments?post=2"}],"version-history":[{"count":5,"href":"https:\/\/www.kaktus-pflege.de\/index.php\/wp-json\/wp\/v2\/pages\/2\/revisions"}],"predecessor-version":[{"id":332,"href":"https:\/\/www.kaktus-pflege.de\/index.php\/wp-json\/wp\/v2\/pages\/2\/revisions\/332"}],"wp:featuredmedia":[{"embeddable":true,"href":"https:\/\/www.kaktus-pflege.de\/index.php\/wp-json\/wp\/v2\/media\/113"}],"wp:attachment":[{"href":"https:\/\/www.kaktus-pflege.de\/index.php\/wp-json\/wp\/v2\/media?parent=2"}],"curies":[{"name":"wp","href":"https:\/\/api.w.org\/{rel}","templated":true}]}}