{"id":155,"date":"2016-10-27T21:28:48","date_gmt":"2016-10-27T19:28:48","guid":{"rendered":"http:\/\/www.kaktus-pflege.de\/?page_id=155"},"modified":"2017-05-15T21:19:05","modified_gmt":"2017-05-15T19:19:05","slug":"warum-jeder-einen-kaktus-zuhause-haben-sollte","status":"publish","type":"page","link":"http:\/\/www.kaktus-pflege.de\/index.php\/warum-jeder-einen-kaktus-zuhause-haben-sollte\/","title":{"rendered":"Faszination Kakteen"},"content":{"rendered":"<figure id=\"attachment_246\" aria-describedby=\"caption-attachment-246\" style=\"width: 660px\" class=\"wp-caption aligncenter\"><a href=\"http:\/\/www.kaktus-pflege.de\/wp-content\/uploads\/2016\/10\/IMG_3717.jpg\"><img decoding=\"async\" loading=\"lazy\" class=\"wp-image-246 size-large\" src=\"http:\/\/www.kaktus-pflege.de\/wp-content\/uploads\/2016\/10\/IMG_3717-1024x683.jpg\" width=\"660\" height=\"440\" srcset=\"http:\/\/www.kaktus-pflege.de\/wp-content\/uploads\/2016\/10\/IMG_3717.jpg 1024w, http:\/\/www.kaktus-pflege.de\/wp-content\/uploads\/2016\/10\/IMG_3717-300x200.jpg 300w, http:\/\/www.kaktus-pflege.de\/wp-content\/uploads\/2016\/10\/IMG_3717-768x512.jpg 768w\" sizes=\"(max-width: 660px) 100vw, 660px\" \/><\/a><figcaption id=\"caption-attachment-246\" class=\"wp-caption-text\">Fr\u00fchst\u00fcck mit Kakteen<\/figcaption><\/figure>\n<p style=\"text-align: left;\">Kakteen sind geniale Kunstwerke der Natur. Durch ihre F\u00e4higkeit Wasser zu speichern und den extremen Wetterbedingungen zu trotzen, haben sich besondere Wuchsformen, Bl\u00fctenfarben und Bedornungen herausgebildet. Hierbei sind kugelige, s\u00e4ulenartige, h\u00e4ngende und winzig kleine Zwergkakteen entstanden.<\/p>\n<figure id=\"attachment_240\" aria-describedby=\"caption-attachment-240\" style=\"width: 225px\" class=\"wp-caption alignright\"><a href=\"http:\/\/www.kaktus-pflege.de\/wp-content\/uploads\/2016\/10\/IMG_0277.jpg\"><img decoding=\"async\" loading=\"lazy\" class=\"wp-image-240 size-medium\" src=\"http:\/\/www.kaktus-pflege.de\/wp-content\/uploads\/2016\/10\/IMG_0277-225x300.jpg\" width=\"225\" height=\"300\" srcset=\"http:\/\/www.kaktus-pflege.de\/wp-content\/uploads\/2016\/10\/IMG_0277-225x300.jpg 225w, http:\/\/www.kaktus-pflege.de\/wp-content\/uploads\/2016\/10\/IMG_0277.jpg 768w\" sizes=\"(max-width: 225px) 100vw, 225px\" \/><\/a><figcaption id=\"caption-attachment-240\" class=\"wp-caption-text\">Cereus in Bl\u00fcte<\/figcaption><\/figure>\n<p style=\"text-align: left;\">Grunds\u00e4tzlich sind Kakteen:<\/p>\n<ul style=\"text-align: left;\">\n<li>pflegeleicht<\/li>\n<\/ul>\n<ul style=\"text-align: left;\">\n<li>bl\u00fchfreudig<\/li>\n<\/ul>\n<p style=\"text-align: left;\">und<\/p>\n<ul style=\"text-align: left;\">\n<li>nette Mitbewohner in der Wohnung oder im Garten<\/li>\n<\/ul>\n<p>Fragen wir Kakteenliebhaber &#8222;Warum sie sich ausgerechnet so sehr f\u00fcr Kakteen interessieren&#8220; so erhalten wir sehr viele verschiedene Antworten. Hier mal eine Auswahl:<\/p>\n<ul>\n<li><strong>Exotik<\/strong>: Es ist die Faszination f\u00fcr Exotik, f\u00fcr Au\u00dfergew\u00f6hnliches\n<p><figure id=\"attachment_239\" aria-describedby=\"caption-attachment-239\" style=\"width: 220px\" class=\"wp-caption alignright\"><a href=\"http:\/\/www.kaktus-pflege.de\/wp-content\/uploads\/2016\/10\/IMG_4128_s.jpg\"><img decoding=\"async\" loading=\"lazy\" class=\"wp-image-239 size-medium\" src=\"http:\/\/www.kaktus-pflege.de\/wp-content\/uploads\/2016\/10\/IMG_4128_s-220x300.jpg\" width=\"220\" height=\"300\" srcset=\"http:\/\/www.kaktus-pflege.de\/wp-content\/uploads\/2016\/10\/IMG_4128_s-220x300.jpg 220w, http:\/\/www.kaktus-pflege.de\/wp-content\/uploads\/2016\/10\/IMG_4128_s.jpg 751w\" sizes=\"(max-width: 220px) 100vw, 220px\" \/><\/a><figcaption id=\"caption-attachment-239\" class=\"wp-caption-text\">Cleistocactus colademononis<\/figcaption><\/figure><\/li>\n<li><strong>Vielfalt<\/strong>: Es ist die Begeisterung f\u00fcr die Artenvielfalt der Natur, f\u00fcr bizarre Formen, f\u00fcr Spielereien der Evolution.<\/li>\n<li><strong>Herausforderung<\/strong>: Es ist die Leidenschaft und der Ehrgeiz auch anspruchsvollere Pflanzen im eigenen Garten oder Gew\u00e4chshaus zu kultivieren, das zu schaffen was niemandem gelingt und R\u00fcckschl\u00e4ge sind stets ein Ansporn es im n\u00e4chsten Versuch noch besser zu machen &#8211; vom Staubfeinen Samenkorn bis zur bl\u00fchf\u00e4higen Pflanze \u2013 und das innerhalb von weniger als 5 Jahren.<\/li>\n<li><strong>Stressfreie<\/strong> Zone: Es ist ein Ausgleich zum stressigen Alltag. Ein Gang in das Gew\u00e4chshaus ist f\u00fcr viele Kakteenfreunde eine Art Meditation.<\/li>\n<li><strong>Kontraste<\/strong>:\n<figure id=\"attachment_241\" aria-describedby=\"caption-attachment-241\" style=\"width: 300px\" class=\"wp-caption alignright\"><a href=\"http:\/\/www.kaktus-pflege.de\/wp-content\/uploads\/2016\/10\/IMG_0290_cut.jpg\"><img decoding=\"async\" loading=\"lazy\" class=\"wp-image-241 size-medium\" src=\"http:\/\/www.kaktus-pflege.de\/wp-content\/uploads\/2016\/10\/IMG_0290_cut-300x296.jpg\" width=\"300\" height=\"296\" srcset=\"http:\/\/www.kaktus-pflege.de\/wp-content\/uploads\/2016\/10\/IMG_0290_cut-300x296.jpg 300w, http:\/\/www.kaktus-pflege.de\/wp-content\/uploads\/2016\/10\/IMG_0290_cut-768x758.jpg 768w, http:\/\/www.kaktus-pflege.de\/wp-content\/uploads\/2016\/10\/IMG_0290_cut.jpg 1024w\" sizes=\"(max-width: 300px) 100vw, 300px\" \/><\/a><figcaption id=\"caption-attachment-241\" class=\"wp-caption-text\">Astrophyten<\/figcaption><\/figure>\n<p>Es gibt keine andere Pflanzenfamilie bei der ein derartiger Kontrast zwischen stacheligem K\u00f6rper und zierlicher, bunter, teils gigantischer Bl\u00fcte vorhanden ist.<\/li>\n<li><strong>Praktisch<\/strong>: Es gibt kaum eine andere Pflanzenfamilie, die man den kompletten Winter f\u00fcr 5 Monate in den dunklen Keller stellen kann. So kann man sch\u00f6n seinen Urlaub planen und freut sich im Fr\u00fchling gemeinsam mit den Pflanzen auf den Beginn der Wachstumssaison.<\/li>\n<\/ul>\n","protected":false},"excerpt":{"rendered":"<p>Kakteen sind geniale Kunstwerke der Natur. Durch ihre F\u00e4higkeit Wasser zu speichern und den extremen Wetterbedingungen zu trotzen, haben sich besondere Wuchsformen, Bl\u00fctenfarben und Bedornungen herausgebildet. Hierbei sind kugelige, s\u00e4ulenartige, h\u00e4ngende und winzig kleine Zwergkakteen entstanden. Grunds\u00e4tzlich sind Kakteen: pflegeleicht bl\u00fchfreudig und nette Mitbewohner in der Wohnung oder im Garten Fragen wir Kakteenliebhaber &#8222;Warum sie &hellip; <a href=\"http:\/\/www.kaktus-pflege.de\/index.php\/warum-jeder-einen-kaktus-zuhause-haben-sollte\/\" class=\"more-link\"><span class=\"screen-reader-text\">Faszination Kakteen<\/span> weiterlesen<\/a><\/p>\n","protected":false},"author":2,"featured_media":0,"parent":0,"menu_order":1,"comment_status":"closed","ping_status":"closed","template":"","meta":[],"_links":{"self":[{"href":"http:\/\/www.kaktus-pflege.de\/index.php\/wp-json\/wp\/v2\/pages\/155"}],"collection":[{"href":"http:\/\/www.kaktus-pflege.de\/index.php\/wp-json\/wp\/v2\/pages"}],"about":[{"href":"http:\/\/www.kaktus-pflege.de\/index.php\/wp-json\/wp\/v2\/types\/page"}],"author":[{"embeddable":true,"href":"http:\/\/www.kaktus-pflege.de\/index.php\/wp-json\/wp\/v2\/users\/2"}],"replies":[{"embeddable":true,"href":"http:\/\/www.kaktus-pflege.de\/index.php\/wp-json\/wp\/v2\/comments?post=155"}],"version-history":[{"count":5,"href":"http:\/\/www.kaktus-pflege.de\/index.php\/wp-json\/wp\/v2\/pages\/155\/revisions"}],"predecessor-version":[{"id":334,"href":"http:\/\/www.kaktus-pflege.de\/index.php\/wp-json\/wp\/v2\/pages\/155\/revisions\/334"}],"wp:attachment":[{"href":"http:\/\/www.kaktus-pflege.de\/index.php\/wp-json\/wp\/v2\/media?parent=155"}],"curies":[{"name":"wp","href":"https:\/\/api.w.org\/{rel}","templated":true}]}}